{"id":193,"date":"2023-07-28T16:06:50","date_gmt":"2023-07-28T16:06:50","guid":{"rendered":"https:\/\/beltranconsultoria.com\/?page_id=193"},"modified":"2023-07-28T16:13:26","modified_gmt":"2023-07-28T16:13:26","slug":"politica-de-tratamiento-de-datos-personales","status":"publish","type":"page","link":"https:\/\/beltranconsultoria.com\/?page_id=193","title":{"rendered":"Pol\u00edtica de Tratamiento de Datos Personales"},"content":{"rendered":"\n<div class=\"wp-block-uagb-container uagb-block-de465fbf alignfull uagb-is-root-container\"><div class=\"uagb-container-inner-blocks-wrap\">\n<div class=\"wp-block-uagb-advanced-heading uagb-block-a6a898f1\"><div class=\"uagb-separator\"><\/div><h1 class=\"uagb-heading-text\">Pol\u00edtica de Tratamiento de Datos Personales<\/h1><\/div>\n<\/div><\/div>\n\n\n\n<div class=\"wp-block-uagb-container uagb-block-1a5e243c alignfull uagb-is-root-container\"><div class=\"uagb-container-inner-blocks-wrap\">\n<div class=\"wp-block-uagb-advanced-heading uagb-block-fe66ae6a\"><h1 class=\"uagb-heading-text\">Con el fin de garantizar el tratamiento adecuado de los datos de las personas naturales, que ostentan la calidad de clientes, proveedores y empleados de BELTR\u00c1N CONSULTOR\u00cdA LEGAL SAS, con ocasi\u00f3n del ejercicio de la actividad para la cual ha sido legalmente facultada, cumpla lo establecido en la Ley Estatutaria de Protecci\u00f3n de Datos Personales Ley 1581 de 2012, el Decreto 1377 de 2013 y en la Circular No. 02 de 2015, se adopta la presente <strong>POL\u00cdTICA DE TRATAMIENTO DE DATOS PERSONALES<\/strong>, la cual se regir\u00e1 por las siguientes estipulaciones.<\/h1><\/div>\n<\/div><\/div>\n\n\n\n<div class=\"wp-block-uagb-container uagb-block-97187acf alignfull uagb-is-root-container\"><div class=\"uagb-container-inner-blocks-wrap\">\n<div class=\"wp-block-uagb-container uagb-block-4bd464c9\">\n<p><strong>ART\u00cdCULO 1. OBJETO DE LA POL\u00cdTICA<\/strong>. El objeto de esta pol\u00edtica es reglamentar la protecci\u00f3n de los datos personales de los clientes, proveedores y empleados que <strong>BELTR\u00c1N CONSULTOR\u00cdA LEGAL SAS<\/strong>, trate o llegue a tratar en virtud de las actividades que ejerce dentro de su objeto social, de tal manera que dichas personas tengan conocimiento de los mismos, y puedan ejercer los derechos a conocer, actualizar, rectificar, suprimir informaci\u00f3n y revocar la autorizaci\u00f3n.<\/p>\n\n\n\n<p><strong>ART\u00cdCULO 2. DEFINICIONES.<\/strong> Las siguientes son las definiciones que se les dan a los t\u00e9rminos utilizados dentro de la Ley, as\u00ed:<\/p>\n\n\n\n<ol class=\"wp-block-list\">\n<li>Autorizaci\u00f3n: Consentimiento previo, expreso e informado del Titular para llevar a cabo el Tratamiento de datos personales.<\/li>\n\n\n\n<li>Aviso de privacidad: Comunicaci\u00f3n verbal o escrita: f\u00edsica o en medio electr\u00f3nico generada por el Responsable, dirigida al Titular para el Tratamiento de sus datos personales, mediante la cual se le informa acerca de la existencia de las pol\u00edticas de Tratamiento de informaci\u00f3n que le ser\u00e1n aplicables, la forma de acceder a las mismas y las finalidades del Tratamiento que se pretende dar a los datos personales.<\/li>\n\n\n\n<li>Base de Datos: Conjunto organizado de datos personales que sea objeto de Tratamiento.<\/li>\n\n\n\n<li>Causahabiente: persona que ha sucedido a otra por causa del fallecimiento de \u00e9sta (heredero).<\/li>\n\n\n\n<li>Dato personal: Cualquier informaci\u00f3n vinculada o que pueda asociarse a una o varias personas naturales determinadas o determinables.<\/li>\n\n\n\n<li>Dato p\u00fablico: Es el dato que no sea semiprivado, privado o sensible. Son considerados datos p\u00fablicos, entre otros, los datos relativos al estado civil de las personas, a su profesi\u00f3n u oficio y a su calidad de comerciante o de servidor p\u00fablico. Por su naturaleza, los datos p\u00fablicos pueden estar contenidos, entre otros, en registros p\u00fablicos, documentos p\u00fablicos, gacetas y boletines oficiales y sentencias judiciales debidamente ejecutoriadas que no est\u00e9n sometidas a reserva.<\/li>\n\n\n\n<li>Datos Sensibles: Se entiende por datos sensibles aquellos que afectan la intimidad del Titular o cuyo uso indebido pueda generar discriminaci\u00f3n, tales como pero sin limitarse a: origen racial, orientaci\u00f3n pol\u00edtica, convicciones religiosas o filos\u00f3ficas, pertenencia a sindicatos, organizaciones sociales, de derechos humanos, datos relacionados con la salud, la vida sexual y datos biom\u00e9tricos.<\/li>\n\n\n\n<li>Encargado del Tratamiento: Persona natural o jur\u00eddica, p\u00fablica o privada, que por s\u00ed misma o en asocio con otros, realice el Tratamiento de datos personales por cuenta del Responsable del Tratamiento.<\/li>\n\n\n\n<li>Responsable del Tratamiento: Persona natural o jur\u00eddica, p\u00fablica o privada, que por s\u00ed misma o en asocio con otros, decida sobre la base de datos y\/o el Tratamiento de los datos.<\/li>\n\n\n\n<li>Titular: Persona natural cuyos datos personales sean objeto de Tratamiento.<\/li>\n\n\n\n<li>Transferencia: La transferencia de datos tiene lugar cuando el Responsable y\/o Encargado del Tratamiento de datos personales, ubicado en Colombia, env\u00eda la informaci\u00f3n o los datos personales a un receptor, que a su vez es Responsable del Tratamiento y se encuentra dentro o fuera del pa\u00eds.<\/li>\n\n\n\n<li>Transmisi\u00f3n: Tratamiento de datos personales que implica la comunicaci\u00f3n de los mismos dentro o fuera del territorio de la Rep\u00fablica de Colombia cuando tenga por objeto la realizaci\u00f3n de un Tratamiento por el Encargado por cuenta del Responsable.<\/li>\n\n\n\n<li>Tratamiento: Cualquier operaci\u00f3n o conjunto de operaciones sobre datos personales, tales como la recolecci\u00f3n, almacenamiento, uso, circulaci\u00f3n o supresi\u00f3n.<\/li>\n<\/ol>\n\n\n\n<p><strong>ARTICULO 3. PRINCIPIOS APLICABLES AL TRATAMIENTO DE DATOS PERSONALES.<\/strong><\/p>\n\n\n\n<p>Los principios que regir\u00e1n el manejo el tratamiento de las bases de datos de <strong>BELTR\u00c1N CONSULTOR\u00cdA LEGAL SAS<\/strong>, ser\u00e1n los siguientes:<\/p>\n\n\n\n<ol class=\"wp-block-list\">\n<li><strong>PRINCIPIO DE LIBERTAD:<\/strong> El Tratamiento s\u00f3lo puede llevarse a cabo con el consentimiento, previo, expreso e informado del Titular. Los datos personales no podr\u00e1n ser obtenidos o divulgados sin previa autorizaci\u00f3n, o en ausencia de mandato legal o judicial que releve el consentimiento.<\/li>\n\n\n\n<li><strong>PRINCIPIO DE FINALIDAD:<\/strong> El Tratamiento de los datos personales recogidos debe obedecer a una finalidad leg\u00edtima, la cual debe ser informada al Titular.<\/li>\n\n\n\n<li><strong>PRINCIPIO DE TRANSPARENCIA:<\/strong> En el Tratamiento debe garantizarse el derecho del Titular a obtener de<strong> BELTR\u00c1N CONSULTOR\u00cdA LEGAL SAS,<\/strong> en cualquier momento y sin restricciones, informaci\u00f3n acerca de la existencia de datos que le conciernan.<\/li>\n\n\n\n<li><strong>PRINCIPIO DE TEMPORALIDAD:<\/strong> <strong>BELTR\u00c1N<\/strong> <strong>CONSULTOR\u00cdA LEGAL SAS <\/strong>no usar\u00e1 la informaci\u00f3n del titular m\u00e1s all\u00e1 del plazo razonable que exija la finalidad que fue informada al Titular de los Datos Personales.<\/li>\n\n\n\n<li><strong>PRINCIPIO DE ACCESO Y CIRCULACI\u00d3N RESTRINGIDA: <\/strong>El Tratamiento se sujeta a los l\u00edmites que se derivan de la naturaleza de los datos personales, de las disposiciones de la presente ley y la Constituci\u00f3n. Los datos personales, salvo la informaci\u00f3n p\u00fablica, y lo dispuesto en la autorizaci\u00f3n otorgada por el titular del dato, no podr\u00e1n estar disponibles en Internet u otros medios de divulgaci\u00f3n o comunicaci\u00f3n masiva, salvo que el acceso sea t\u00e9cnicamente controlable para brindar un conocimiento restringido s\u00f3lo a los Titulares o terceros autorizados.<\/li>\n\n\n\n<li><strong>PRINCIPIO DE CONFIDENCIALIDAD:<\/strong> Todas las personas que intervengan en el Tratamiento de datos personales est\u00e1n obligadas a garantizar la reserva de la informaci\u00f3n, inclusive despu\u00e9s de finalizada su relaci\u00f3n con alguna de las labores que comprende el Tratamiento.<\/li>\n<\/ol>\n\n\n\n<p><strong>ART\u00cdCULO4. TRATAMIENTO AL CUAL SER\u00c1N SOMETIDOS LOS DATOS PERSONALES Y FINALIDAD<\/strong>. Los datos personales ser\u00e1n tratados, es decir, recolectados, almacenados, usados, circulados, suprimidos, compartidos, actualizados, transmitidos y\/o transferidos con la siguiente finalidad:<\/p>\n\n\n\n<ol class=\"wp-block-list\">\n<li>En relaci\u00f3n con los clientes, proveedores y terceros en general, la informaci\u00f3n personal ser\u00e1 utilizada con los siguientes fines:<\/li>\n\n\n\n<li>Generar y mantener una eficiente y adecuada comunicaci\u00f3n de la informaci\u00f3n que sea de utilidad en los v\u00ednculos contractuales en los que sea parte el titular de la Informaci\u00f3n.<\/li>\n\n\n\n<li>Gestionar toda la informaci\u00f3n necesaria para el cumplimiento de las obligaciones tributarias y de registros comerciales, corporativos y contables de <strong>BELTR\u00c1N CONSULTOR\u00cdA LEGAL SAS.<\/strong><\/li>\n\n\n\n<li>Cumplir con los procesos internos de <strong>BELTR\u00c1N CONSULTOR\u00cdA LEGAL SAS, <\/strong>en materia de administraci\u00f3n de proveedores y contratistas.<\/li>\n\n\n\n<li>Desarrollar el proceso de selecci\u00f3n, evaluaci\u00f3n, y vinculaci\u00f3n laboral;<\/li>\n\n\n\n<li>Soportar procesos de auditor\u00eda interna o externa;<\/li>\n\n\n\n<li>Dar cumplimiento de las obligaciones contractuales contra\u00eddas por <strong>BELTR\u00c1N CONSULTOR\u00cdA LEGAL SAS<\/strong>, con los titulares de la Informaci\u00f3n.<\/li>\n\n\n\n<li>Para los Procesos de archivo y actualizaci\u00f3n de bases de datos internas de <strong>BELTR\u00c1N CONSULTOR\u00cdA LEGAL SAS.<\/strong><\/li>\n\n\n\n<li>Informar las modificaciones internas de cualquier tipo que se presenten en desarrollo de los v\u00ednculos contractuales con el titular de la Informaci\u00f3n.<\/li>\n\n\n\n<li>Evaluar y examinar la calidad de los servicios ofrecidos por el titular de la Informaci\u00f3n.<\/li>\n\n\n\n<li>Realizar estudios internos sobre los h\u00e1bitos del titular de la Informaci\u00f3n.<\/li>\n\n\n\n<li>Enviar a trav\u00e9s de medio seguro de la informaci\u00f3n en Colombia y a otros pa\u00edses en donde por temas de contingencias se tengan \u201cback-ups\u201d o respaldos de la informaci\u00f3n.<\/li>\n\n\n\n<li>Transmitir ofertas de productos, servicios e informaci\u00f3n general que puedan ser \u00fatiles o adecuados, relacionados con<strong> BELTR\u00c1N CONSULTOR\u00cdA LEGAL SAS.<\/strong><\/li>\n\n\n\n<li>Transmitir los datos que el gobierno nacional y\/o las autoridades requieran, en cumplimiento de la legislaci\u00f3n tributaria, contable y fiscal, en general, la finalidad que la ley establezca.<\/li>\n\n\n\n<li>Enviar las modificaciones que se puedan presentar en las Pol\u00edticas de Tratamiento de la Informaci\u00f3n adoptadas por<strong> BELTR\u00c1N CONSULTOR\u00cdA LEGAL SAS.<\/strong><\/li>\n\n\n\n<li>Dem\u00e1s usos administrativos, comerciales, de publicidad y de acuerdo a lo acordado entre el titular de la informaci\u00f3n y <strong>BELTR\u00c1N CONSULTOR\u00cdA LEGAL SAS.<\/strong><\/li>\n\n\n\n<li>En lo que tiene que ver con el uso y tratamiento dado a los datos personales de empleados y ex empleados, \u00e9stos, adem\u00e1s de los usos antes se\u00f1alados, se circunscriben al \u00e1mbito meramente laboral y eventualmente ser\u00e1n compartidos con otras sociedades o entidades cuando esto sea necesario para cumplir con las disposiciones legales en el r\u00e9gimen laboral y de protecci\u00f3n de datos personales.<\/li>\n<\/ol>\n\n\n\n<p><strong>ART\u00cdCULO 5. DERECHOS DE LOS TITULARES.<\/strong> Son derechos de los titulares:<\/p>\n\n\n\n<ol class=\"wp-block-list\">\n<li>Conocer, actualizar y rectificar sus datos personales frente a <strong>BELTR\u00c1N CONSULTOR\u00cdA LEGAL SAS.<\/strong> Este derecho se podr\u00e1 ejercer, entre otros, frente a datos parciales, inexactos, incompletos, fraccionados, que induzcan a error, o aquellos cuyo tratamiento est\u00e9 expresamente prohibido o no haya sido autorizado por el titular.<\/li>\n\n\n\n<li>Solicitar prueba de la autorizaci\u00f3n otorgada a<strong> <strong>BELTR\u00c1N CONSULTOR\u00cdA LEGAL SAS<\/strong>,<\/strong> para la recolecci\u00f3n y uso de los datos personales salvo cuando dicha autorizaci\u00f3n no sea necesaria en los t\u00e9rminos del art\u00edculo 10 de la Ley Estatutaria 1581 de 2012.<\/li>\n\n\n\n<li>Ser informado por <strong><strong>BELTR\u00c1N CONSULTOR\u00cdA LEGAL SAS<\/strong>,<\/strong> previa solicitud, respecto del uso que se le ha dado a sus datos personales.<\/li>\n\n\n\n<li>Presentar ante la Superintendencia de Industria y Comercio quejas por infracciones a lo dispuesto en la Ley Estatutaria 1581 de 2012 y las dem\u00e1s normas que la modifiquen, adicionen o complementen.<\/li>\n\n\n\n<li>Revocar la autorizaci\u00f3n y\/o solicitar la supresi\u00f3n del dato personal cuando en su recolecci\u00f3n y\/o uso no se respeten los principios, derechos y garant\u00edas constitucionales y legales. La revocatoria y\/o supresi\u00f3n proceder\u00e1 cuando la Superintendencia de Industria y Comercio haya determinado que en dicha recolecci\u00f3n y\/o uso la Compa\u00f1\u00eda ha incurrido en conductas contrarias a Ley Estatutaria 1581 de 2012 y a la Constituci\u00f3n.<\/li>\n\n\n\n<li>Acceder en forma gratuita a sus datos personales que hayan sido objeto de recolecci\u00f3n y\/o uso, previa solicitud, al menos una vez cada mes calendario, y cada vez que existan modificaciones sustanciales de las Pol\u00edticas de Tratamiento de la informaci\u00f3n que motiven nuevas consultas.<\/li>\n<\/ol>\n\n\n\n<p>Para consultas cuya periodicidad sea mayor a una por cada mes calendario, <strong><strong>BELTR\u00c1N CONSULTOR\u00cdA LEGAL SAS<\/strong><\/strong>, solo podr\u00e1 cobrar al titular los gastos de env\u00edo, reproducci\u00f3n y, en su caso, certificaci\u00f3n de documentos. Los costos de reproducci\u00f3n no podr\u00e1n ser mayores a los costos de recuperaci\u00f3n del material correspondiente. Para tal efecto, <strong><strong>BELTR\u00c1N CONSULTOR\u00cdA LEGAL SAS<\/strong> <\/strong>deber\u00e1 demostrar a la Superintendencia de Industria y Comercio, cuando esta as\u00ed lo requiera, el soporte de dichos gastos.<\/p>\n\n\n\n<p><strong>ART\u00cdCULO 6. PROCEDIMIENTO PARA QUE LOS TITULARES DE LA INFORMACI\u00d3N PUEDAN EJERCER LOS DERECHOS A CONOCER, ACTUALIZAR, RECTIFICAR Y SUPRIMIR INFORMACI\u00d3N Y REVOCAR LA AUTORIZACI\u00d3N.<\/strong><\/p>\n\n\n\n<p>Verificada la identidad del titular, <strong><strong>BELTR\u00c1N CONSULTOR\u00cdA LEGAL SAS<\/strong><\/strong>, le suministrar\u00e1 toda la informaci\u00f3n sobre sus datos personales que sea requerida por este.<\/p>\n\n\n\n<p>La respuesta a la consulta deber\u00e1 comunicarse al solicitante en un t\u00e9rmino m\u00e1ximo de diez (10) d\u00edas h\u00e1biles contados a partir de la fecha de recibo de la misma. En el evento en que no sea posible atender la consulta dentro de dicho t\u00e9rmino, se informar\u00e1 al interesado, expresando los motivos de la demora y se\u00f1alando la fecha en que se atender\u00e1 su consulta, la cual en ning\u00fan caso podr\u00e1 superar los cinco (5) d\u00edas h\u00e1biles siguientes al vencimiento del primer t\u00e9rmino. La respuesta y cualquier comunicaci\u00f3n que realice <strong><strong>BELTR\u00c1N CONSULTOR\u00cdA LEGAL SAS<\/strong><\/strong> podr\u00e1 hacerse por medios electr\u00f3nicos.<\/p>\n\n\n\n<p><strong>ART\u00cdCULO 7. RECLAMOS DEL TITULAR DE LA INFORMACI\u00d3N.<\/strong> El Titular o sus causahabientes que consideren que la informaci\u00f3n contenida en la base de datos debe ser objeto de correcci\u00f3n, actualizaci\u00f3n o supresi\u00f3n, o cuando adviertan el presunto incumplimiento de cualquiera de los deberes contenidos en esta ley, podr\u00e1n presentar un reclamo, el cual ser\u00e1 tramitado bajo las siguientes reglas:<\/p>\n\n\n\n<ol class=\"wp-block-list\">\n<li>El reclamo se formular\u00e1 mediante solicitud dirigida al Responsable del Tratamiento o al Encargado del Tratamiento, con la identificaci\u00f3n del Titular, la descripci\u00f3n de los hechos que dan lugar al reclamo, la direcci\u00f3n, correo electr\u00f3nico y acompa\u00f1ando los documentos que se quiera hacer valer. Si el reclamo resulta incompleto, se requerir\u00e1 al interesado dentro de los cinco (5) d\u00edas siguientes a la recepci\u00f3n del reclamo para que subsane las fallas. Transcurridos dos (2) meses desde la fecha del requerimiento, sin que el solicitante presente la informaci\u00f3n requerida, se entender\u00e1 que ha desistido del reclamo.<\/li>\n<\/ol>\n\n\n\n<p>En caso de que quien reciba el reclamo no sea competente para resolverlo, dar\u00e1 traslado a quien corresponda en un t\u00e9rmino m\u00e1ximo de dos (2) d\u00edas h\u00e1biles e informar\u00e1 de la situaci\u00f3n al interesado.<\/p>\n\n\n\n<ol class=\"wp-block-list\">\n<li>Una vez recibido el reclamo completo, se incluir\u00e1 en la base de datos una leyenda que diga &#8220;reclamo en tr\u00e1mite&#8221; y el motivo del mismo, en un t\u00e9rmino no mayor a dos (2) d\u00edas h\u00e1biles. Dicha leyenda deber\u00e1 mantenerse hasta que el reclamo sea decidido.<\/li>\n\n\n\n<li>El t\u00e9rmino m\u00e1ximo para atender el reclamo ser\u00e1 de quince (15) d\u00edas h\u00e1biles contados a partir del d\u00eda siguiente a la fecha de su recibo. Cuando no fuere posible atender el reclamo dentro de dicho t\u00e9rmino, se informar\u00e1 al interesado los motivos de la demora y la fecha en que se atender\u00e1 su reclamo, la cual en ning\u00fan caso podr\u00e1 superar los ocho (8) d\u00edas h\u00e1biles siguientes al vencimiento del primer t\u00e9rmino.<\/li>\n<\/ol>\n\n\n\n<p><strong>ART\u00cdCULO 8. \u00c1REA RESPONSABLE DE LA PROTECCI\u00d3N DE DATOS PERSONALES<\/strong>. El \u00e1rea responsable de la atenci\u00f3n de peticiones, consultas y reclamos ante la cual el titular de la informaci\u00f3n puede ejercer sus derechos a conocer, actualizar, rectificar y suprimir el dato y revocar la autorizaci\u00f3n ser\u00e1 la Direcci\u00f3n Administrativa de <strong><strong>BELTR\u00c1N CONSULTOR\u00cdA LEGAL SAS<\/strong>,<\/strong> la cual pude ser contactada en la calle 95 No. 11a-37\u00a0oficina\u00a0401 de la ciudad de Bogot\u00e1, en el celular +57\u00a0323\u00a03926711 o en el correo electr\u00f3nico <strong>mauriciobeltran@beltranconsultoria.com<\/strong><\/p>\n\n\n\n<p><strong>ART\u00cdCULO 9. FECHA DE ENTRADA EN VIGENCIA DE LA PRESENTE POL\u00cdTICA Y PER\u00cdODO DE VIGENCIA DE LA BASE DE DATOS.<\/strong> Esta Pol\u00edtica entra a regir a partir del 26 de julio de 2013 y las bases de datos estar\u00e1n vigentes por el tiempo razonable y necesario para cumplir con las finalidades del tratamiento de la informaci\u00f3n.<\/p>\n<\/div>\n<\/div><\/div>\n","protected":false},"excerpt":{"rendered":"<p>Pol\u00edtica de Tratamiento de Datos Personales Con el fin de garantizar el tratamiento adecuado de los datos de las personas naturales, que ostentan la calidad de clientes, proveedores y empleados de BELTR\u00c1N CONSULTOR\u00cdA LEGAL SAS, con ocasi\u00f3n del ejercicio de la actividad para la cual ha sido legalmente facultada, cumpla lo establecido en la Ley [&hellip;]<\/p>\n","protected":false},"author":1,"featured_media":0,"parent":0,"menu_order":0,"comment_status":"closed","ping_status":"closed","template":"","meta":{"_uag_custom_page_level_css":"","site-sidebar-layout":"default","site-content-layout":"","ast-site-content-layout":"default","site-content-style":"default","site-sidebar-style":"default","ast-global-header-display":"","ast-banner-title-visibility":"","ast-main-header-display":"","ast-hfb-above-header-display":"","ast-hfb-below-header-display":"","ast-hfb-mobile-header-display":"","site-post-title":"disabled","ast-breadcrumbs-content":"","ast-featured-img":"","footer-sml-layout":"","ast-disable-related-posts":"","theme-transparent-header-meta":"","adv-header-id-meta":"","stick-header-meta":"","header-above-stick-meta":"","header-main-stick-meta":"","header-below-stick-meta":"","astra-migrate-meta-layouts":"default","ast-page-background-enabled":"default","ast-page-background-meta":{"desktop":{"background-color":"var(--ast-global-color-4)","background-image":"","background-repeat":"repeat","background-position":"center center","background-size":"auto","background-attachment":"scroll","background-type":"","background-media":"","overlay-type":"","overlay-color":"","overlay-opacity":"","overlay-gradient":""},"tablet":{"background-color":"","background-image":"","background-repeat":"repeat","background-position":"center center","background-size":"auto","background-attachment":"scroll","background-type":"","background-media":"","overlay-type":"","overlay-color":"","overlay-opacity":"","overlay-gradient":""},"mobile":{"background-color":"","background-image":"","background-repeat":"repeat","background-position":"center center","background-size":"auto","background-attachment":"scroll","background-type":"","background-media":"","overlay-type":"","overlay-color":"","overlay-opacity":"","overlay-gradient":""}},"ast-content-background-meta":{"desktop":{"background-color":"var(--ast-global-color-5)","background-image":"","background-repeat":"repeat","background-position":"center center","background-size":"auto","background-attachment":"scroll","background-type":"","background-media":"","overlay-type":"","overlay-color":"","overlay-opacity":"","overlay-gradient":""},"tablet":{"background-color":"var(--ast-global-color-5)","background-image":"","background-repeat":"repeat","background-position":"center center","background-size":"auto","background-attachment":"scroll","background-type":"","background-media":"","overlay-type":"","overlay-color":"","overlay-opacity":"","overlay-gradient":""},"mobile":{"background-color":"var(--ast-global-color-5)","background-image":"","background-repeat":"repeat","background-position":"center center","background-size":"auto","background-attachment":"scroll","background-type":"","background-media":"","overlay-type":"","overlay-color":"","overlay-opacity":"","overlay-gradient":""}},"footnotes":""},"class_list":["post-193","page","type-page","status-publish","hentry"],"uagb_featured_image_src":{"full":false,"thumbnail":false,"medium":false,"medium_large":false,"large":false,"1536x1536":false,"2048x2048":false},"uagb_author_info":{"display_name":"admin2023giro","author_link":"https:\/\/beltranconsultoria.com\/?author=1"},"uagb_comment_info":0,"uagb_excerpt":"Pol\u00edtica de Tratamiento de Datos Personales Con el fin de garantizar el tratamiento adecuado de los datos de las personas naturales, que ostentan la calidad de clientes, proveedores y empleados de BELTR\u00c1N CONSULTOR\u00cdA LEGAL SAS, con ocasi\u00f3n del ejercicio de la actividad para la cual ha sido legalmente facultada, cumpla lo establecido en la Ley&hellip;","_links":{"self":[{"href":"https:\/\/beltranconsultoria.com\/index.php?rest_route=\/wp\/v2\/pages\/193","targetHints":{"allow":["GET"]}}],"collection":[{"href":"https:\/\/beltranconsultoria.com\/index.php?rest_route=\/wp\/v2\/pages"}],"about":[{"href":"https:\/\/beltranconsultoria.com\/index.php?rest_route=\/wp\/v2\/types\/page"}],"author":[{"embeddable":true,"href":"https:\/\/beltranconsultoria.com\/index.php?rest_route=\/wp\/v2\/users\/1"}],"replies":[{"embeddable":true,"href":"https:\/\/beltranconsultoria.com\/index.php?rest_route=%2Fwp%2Fv2%2Fcomments&post=193"}],"version-history":[{"count":1,"href":"https:\/\/beltranconsultoria.com\/index.php?rest_route=\/wp\/v2\/pages\/193\/revisions"}],"predecessor-version":[{"id":202,"href":"https:\/\/beltranconsultoria.com\/index.php?rest_route=\/wp\/v2\/pages\/193\/revisions\/202"}],"wp:attachment":[{"href":"https:\/\/beltranconsultoria.com\/index.php?rest_route=%2Fwp%2Fv2%2Fmedia&parent=193"}],"curies":[{"name":"wp","href":"https:\/\/api.w.org\/{rel}","templated":true}]}}