{"id":7,"date":"2023-07-11T14:39:11","date_gmt":"2023-07-11T14:39:11","guid":{"rendered":"https:\/\/beltranconsultoria.com\/?page_id=7"},"modified":"2024-03-29T12:54:59","modified_gmt":"2024-03-29T12:54:59","slug":"mauricio-beltran","status":"publish","type":"page","link":"https:\/\/beltranconsultoria.com\/","title":{"rendered":"Principal"},"content":{"rendered":"\n<div class=\"wp-block-uagb-container uagb-block-d7d728d0 alignfull uagb-is-root-container\"><div class=\"uagb-container__video-wrap\"><video autoplay loop muted playsinline><source src=\"https:\/\/beltranconsultoria.com\/wp-content\/uploads\/2023\/07\/Mauricio-Beltran.mp4\" type=\"video\/mp4\"\/><\/video><\/div><div class=\"uagb-container-inner-blocks-wrap\">\n<div class=\"wp-block-columns is-layout-flex wp-container-core-columns-is-layout-28f84493 wp-block-columns-is-layout-flex\">\n<div class=\"wp-block-column is-layout-flow wp-block-column-is-layout-flow\" style=\"flex-basis:100%\">\n<div data-aos= \"fade-right\" data-aos-duration=\"400\" data-aos-delay=\"0\" data-aos-easing=\"ease\" data-aos-once=\"true\" class=\"wp-block-uagb-info-box uagb-block-08f351b2 uagb-infobox__content-wrap  uagb-infobox-icon-above-title uagb-infobox-image-valign-top\"><div class=\"uagb-ifb-content\"><div class=\"uagb-ifb-title-wrap\"><h1 class=\"uagb-ifb-title\"><strong>L\u00edderes en la asesor\u00eda y defensa a trav\u00e9s de <\/strong><strong>la representaci\u00f3n legal<\/strong><\/h1><\/div><p class=\"uagb-ifb-desc\">Personas naturales y jur\u00eddicas<br>Apoyo jur\u00eddico y t\u00e9cnico en procesos administrativos y judiciales de car\u00e1cter ambiental.<br>Evaluaci\u00f3n y diagn\u00f3stico de su actividad econ\u00f3mica, pendientes a evaluar el cumplimiento de la norma y establecer acciones de mejora<\/p><div class=\"uagb-ifb-button-wrapper wp-block-button\"><a href=\"#\" class=\"uagb-infobox-cta-link wp-block-button__link\" target=\"_self\" rel=\"noopener noreferrer\" onclick=\"return false;\" alt=\"\"><span class=\"uagb-inline-editing\">Conoce m\u00e1s<\/span><\/a><\/div><\/div><\/div>\n<\/div>\n<\/div>\n<\/div><\/div>\n\n\n\n<div class=\"wp-block-uagb-separator uagb-block-eacec5b8 wp-block-uagb-separator--icon\"><div class=\"wp-block-uagb-separator__inner\" style=\"--my-background-image:\"><div class=\"wp-block-uagb-separator-element\"><svg xmlns=\"https:\/\/www.w3.org\/2000\/svg\" viewBox=\"0 0 512 512\"><path d=\"M256 0C114.6 0 0 114.6 0 256c0 141.4 114.6 256 256 256s256-114.6 256-256C512 114.6 397.4 0 256 0zM390.6 246.6l-112 112C272.4 364.9 264.2 368 256 368s-16.38-3.125-22.62-9.375l-112-112c-12.5-12.5-12.5-32.75 0-45.25s32.75-12.5 45.25 0L256 290.8l89.38-89.38c12.5-12.5 32.75-12.5 45.25 0S403.1 234.1 390.6 246.6z\"><\/path><\/svg><\/div><\/div><\/div>\n\n\n\n<div class=\"wp-block-uagb-container uagb-block-1f9ee9da alignfull uagb-is-root-container\"><div class=\"uagb-container-inner-blocks-wrap\">\n<div class=\"wp-block-uagb-container uagb-block-9e01d827\">\n<div class=\"wp-block-uagb-info-box uagb-block-1c9150d9 uagb-infobox__content-wrap  uagb-infobox-icon-above-title uagb-infobox-image-valign-top\"><div class=\"uagb-ifb-content\"><div class=\"uagb-ifb-title-wrap\"><div class=\"uagb-ifb-separator\"><\/div><h2 class=\"uagb-ifb-title\">\u00bfQu\u00e9 nos hace diferentes?<\/h2><\/div><\/div><\/div>\n\n\n\n<div class=\"wp-block-uagb-container uagb-block-551b0978\">\n<div class=\"wp-block-uagb-advanced-heading uagb-block-648b65ca\"><h4 class=\"uagb-heading-text\">Dar una <strong>respuesta<\/strong> y seguimiento al caso para garantizar nuestro \u00e9xito<\/h4><p class=\"uagb-desc-text\">Dar una respuesta y seguimiento al caso para garantizar nuestro \u00e9xito.<\/p><\/div>\n\n\n\n<div class=\"wp-block-uagb-advanced-heading uagb-block-b2128ec4\"><h4 class=\"uagb-heading-text\"><strong>Generar<\/strong> procesos de mejora<\/h4><p class=\"uagb-desc-text\">Definir los mecanismos y acciones necesarios para atender requerimientos de las autoridades.<\/p><\/div>\n\n\n\n<div class=\"wp-block-uagb-advanced-heading uagb-block-0e2313b5\"><h4 class=\"uagb-heading-text\"><strong>Desarrollamos un acercamiento para conocer el caso<\/strong><\/h4><p class=\"uagb-desc-text\">Nos reunimos con nuestro cliente, para conocer el requerimiento o llamado de un ente legal y c\u00f3mo proceder ante \u00e9l.<\/p><\/div>\n<\/div>\n\n\n\n<div class=\"wp-block-uagb-buttons uagb-buttons__outer-wrap uagb-btn__default-btn uagb-btn-tablet__default-btn uagb-btn-mobile__default-btn uagb-block-b07ba325\"><div class=\"uagb-buttons__wrap uagb-buttons-layout-wrap\">\n<div class=\"wp-block-uagb-buttons-child uagb-buttons__outer-wrap uagb-block-ccbd8ba8 wp-block-button is-style-outline\"><div class=\"uagb-button__wrapper\"><a class=\"uagb-buttons-repeater wp-block-button__link\" href=\"\/\/wa.link\/pma9o6\" onclick=\"return true;\" rel=\"follow noopener\" target=\"_self\"><div class=\"uagb-button__link\">Cu\u00e9ntanos tu caso <\/div><\/a><\/div><\/div>\n<\/div><\/div>\n<\/div>\n\n\n\n<div class=\"wp-block-uagb-container uagb-block-ce524e21\">\n<div class=\"wp-block-uagb-image alignright uagb-block-e625c77d wp-block-uagb-image--layout-default wp-block-uagb-image--effect-static wp-block-uagb-image--align-right\"><figure class=\"wp-block-uagb-image__figure\"><img decoding=\"async\" srcset=\"https:\/\/beltranconsultoria.com\/wp-content\/uploads\/2023\/07\/IMG_8825-575x1024.jpg , https:\/\/beltranconsultoria.com\/wp-content\/uploads\/2023\/06\/law-about.jpg 360w\" sizes=\"auto, (max-width: 480px) 150px\" src=\"https:\/\/beltranconsultoria.com\/wp-content\/uploads\/2023\/07\/IMG_8825-575x1024.jpg\" alt=\"\" class=\"uag-image-23\" width=\"330\" height=\"588\" title=\"\" loading=\"lazy\"\/><\/figure><\/div>\n<\/div>\n<\/div><\/div>\n\n\n\n<div class=\"wp-block-uagb-separator uagb-block-4342eb63 wp-block-uagb-separator--icon\"><div class=\"wp-block-uagb-separator__inner\" style=\"--my-background-image:\"><div class=\"wp-block-uagb-separator-element\"><svg xmlns=\"https:\/\/www.w3.org\/2000\/svg\" viewBox=\"0 0 512 512\"><path d=\"M256 0C114.6 0 0 114.6 0 256c0 141.4 114.6 256 256 256s256-114.6 256-256C512 114.6 397.4 0 256 0zM390.6 246.6l-112 112C272.4 364.9 264.2 368 256 368s-16.38-3.125-22.62-9.375l-112-112c-12.5-12.5-12.5-32.75 0-45.25s32.75-12.5 45.25 0L256 290.8l89.38-89.38c12.5-12.5 32.75-12.5 45.25 0S403.1 234.1 390.6 246.6z\"><\/path><\/svg><\/div><\/div><\/div>\n\n\n\n<div class=\"wp-block-uagb-container uagb-block-bf5c6f1e alignfull uagb-is-root-container\"><div class=\"uagb-container-inner-blocks-wrap\">\n<div class=\"wp-block-uagb-info-box uagb-block-b870127b uagb-infobox__content-wrap  uagb-infobox-icon-above-title uagb-infobox-image-valign-top\"><div class=\"uagb-ifb-content\"><div class=\"uagb-ifb-title-wrap\"><div class=\"uagb-ifb-separator\"><\/div><h2 class=\"uagb-ifb-title\">\u00bfEn qu\u00e9 casos una empresa requiere de los servicios de un abogado especialista en derecho ambiental?<\/h2><\/div><div class=\"uagb-ifb-button-wrapper wp-block-button\"><a href=\"\/\/wa.link\/pma9o6\" class=\"uagb-infobox-cta-link wp-block-button__link\" target=\"_self\" rel=\"noopener noreferrer\" onclick=\"return true;\" alt=\"\"><span class=\"uagb-inline-editing\">Leer m\u00e1s<\/span><\/a><\/div><\/div><\/div>\n<\/div><\/div>\n\n\n\n<div class=\"wp-block-uagb-container uagb-block-084ba4a0 alignfull uagb-is-root-container\"><div class=\"uagb-container-inner-blocks-wrap\">\n<div class=\"wp-block-uagb-info-box uagb-block-c6a242e6 uagb-infobox__content-wrap  uagb-infobox-icon-above-title uagb-infobox-image-valign-top\"><div class=\"uagb-ifb-content\"><div class=\"uagb-ifb-title-wrap\"><div class=\"uagb-ifb-separator\"><\/div><h2 class=\"uagb-ifb-title\">Ellos han confiado en nosotros<\/h2><\/div><\/div><\/div>\n\n\n\n<div class=\"wp-block-uagb-container uagb-block-d8f50deb\">\n<div class=\"wp-block-uagb-slider uagb-block-72a0956e uagb-slider-container\"><div class=\"uagb-slides uagb-swiper\"><div class=\"swiper-wrapper\">\n<div class=\"wp-block-uagb-slider-child uagb-slider-child-wrap swiper-slide uagb-block-5f5ad9a4\"><div class=\"swiper-content\">\n<div class=\"wp-block-columns is-layout-flex wp-container-core-columns-is-layout-28f84493 wp-block-columns-is-layout-flex\">\n<div class=\"wp-block-column is-layout-flow wp-block-column-is-layout-flow\" style=\"flex-basis:20%\">\n<div class=\"wp-block-uagb-container uagb-block-5b607ce1\">\n<div class=\"wp-block-uagb-image uagb-block-864d8743 wp-block-uagb-image--layout-default wp-block-uagb-image--effect-static wp-block-uagb-image--align-none\"><figure class=\"wp-block-uagb-image__figure\"><img decoding=\"async\" srcset=\"https:\/\/beltranconsultoria.com\/wp-content\/uploads\/2023\/07\/1-2.png \" sizes=\"auto, (max-width: 480px) 150px\" src=\"https:\/\/beltranconsultoria.com\/wp-content\/uploads\/2023\/07\/1-2.png\" alt=\"\" class=\"uag-image-100\" width=\"800\" height=\"700\" title=\"\" loading=\"lazy\"\/><\/figure><\/div>\n<\/div>\n<\/div>\n\n\n\n<div class=\"wp-block-column is-layout-flow wp-block-column-is-layout-flow\" style=\"flex-basis:20%\">\n<figure class=\"wp-block-image size-full\"><img loading=\"lazy\" decoding=\"async\" width=\"800\" height=\"700\" src=\"https:\/\/beltranconsultoria.com\/wp-content\/uploads\/2023\/07\/11-1.png\" alt=\"\" class=\"wp-image-109\" srcset=\"https:\/\/beltranconsultoria.com\/wp-content\/uploads\/2023\/07\/11-1.png 800w, https:\/\/beltranconsultoria.com\/wp-content\/uploads\/2023\/07\/11-1-300x263.png 300w, https:\/\/beltranconsultoria.com\/wp-content\/uploads\/2023\/07\/11-1-768x672.png 768w\" sizes=\"auto, (max-width: 800px) 100vw, 800px\" \/><\/figure>\n<\/div>\n\n\n\n<div class=\"wp-block-column is-layout-flow wp-block-column-is-layout-flow\" style=\"flex-basis:20%\">\n<div class=\"wp-block-uagb-image uagb-block-c01ad5b5 wp-block-uagb-image--layout-default wp-block-uagb-image--effect-static wp-block-uagb-image--align-none\"><figure class=\"wp-block-uagb-image__figure\"><img decoding=\"async\" srcset=\"https:\/\/beltranconsultoria.com\/wp-content\/uploads\/2023\/07\/10-1.png \" sizes=\"auto, (max-width: 480px) 150px\" src=\"https:\/\/beltranconsultoria.com\/wp-content\/uploads\/2023\/07\/10-1.png\" alt=\"\" class=\"uag-image-108\" width=\"800\" height=\"700\" title=\"\" loading=\"lazy\"\/><\/figure><\/div>\n<\/div>\n\n\n\n<div class=\"wp-block-column is-layout-flow wp-block-column-is-layout-flow\" style=\"flex-basis:20%\">\n<div class=\"wp-block-uagb-image uagb-block-28237ee1 wp-block-uagb-image--layout-default wp-block-uagb-image--effect-static wp-block-uagb-image--align-none\"><figure class=\"wp-block-uagb-image__figure\"><img decoding=\"async\" srcset=\"https:\/\/beltranconsultoria.com\/wp-content\/uploads\/2023\/07\/7-1.png \" sizes=\"auto, (max-width: 480px) 150px\" src=\"https:\/\/beltranconsultoria.com\/wp-content\/uploads\/2023\/07\/7-1.png\" alt=\"\" class=\"uag-image-105\" width=\"800\" height=\"700\" title=\"\" loading=\"lazy\"\/><\/figure><\/div>\n<\/div>\n\n\n\n<div class=\"wp-block-column is-layout-flow wp-block-column-is-layout-flow\" style=\"flex-basis:20%\">\n<div class=\"wp-block-uagb-image uagb-block-68780b03 wp-block-uagb-image--layout-default wp-block-uagb-image--effect-static wp-block-uagb-image--align-none\"><figure class=\"wp-block-uagb-image__figure\"><img decoding=\"async\" srcset=\"https:\/\/beltranconsultoria.com\/wp-content\/uploads\/2023\/07\/12.png \" sizes=\"auto, (max-width: 480px) 150px\" src=\"https:\/\/beltranconsultoria.com\/wp-content\/uploads\/2023\/07\/12.png\" alt=\"\" class=\"uag-image-102\" width=\"800\" height=\"700\" title=\"\" loading=\"lazy\"\/><\/figure><\/div>\n<\/div>\n<\/div>\n<\/div><\/div>\n\n\n\n<div class=\"wp-block-uagb-slider-child uagb-slider-child-wrap swiper-slide uagb-block-b11a0bc6\"><div class=\"swiper-content\">\n<div class=\"wp-block-uagb-container uagb-block-b7a9b538\">\n<div class=\"wp-block-columns is-layout-flex wp-container-core-columns-is-layout-28f84493 wp-block-columns-is-layout-flex\">\n<div class=\"wp-block-column is-layout-flow wp-block-column-is-layout-flow\" style=\"flex-basis:16.67%\">\n<div class=\"wp-block-uagb-container uagb-block-808b4211\">\n<div class=\"wp-block-uagb-image uagb-block-54763e14 wp-block-uagb-image--layout-default wp-block-uagb-image--effect-static wp-block-uagb-image--align-none\"><figure class=\"wp-block-uagb-image__figure\"><img decoding=\"async\" srcset=\"https:\/\/beltranconsultoria.com\/wp-content\/uploads\/2023\/07\/4-1.png \" sizes=\"auto, (max-width: 480px) 150px\" src=\"https:\/\/beltranconsultoria.com\/wp-content\/uploads\/2023\/07\/4-1.png\" alt=\"\" class=\"uag-image-103\" width=\"800\" height=\"700\" title=\"\" loading=\"lazy\"\/><\/figure><\/div>\n<\/div>\n<\/div>\n\n\n\n<div class=\"wp-block-column is-layout-flow wp-block-column-is-layout-flow\" style=\"flex-basis:16.67%\">\n<div class=\"wp-block-uagb-image uagb-block-6f0abde1 wp-block-uagb-image--layout-default wp-block-uagb-image--effect-static wp-block-uagb-image--align-none\"><figure class=\"wp-block-uagb-image__figure\"><img decoding=\"async\" srcset=\"https:\/\/beltranconsultoria.com\/wp-content\/uploads\/2023\/07\/13.png \" sizes=\"auto, (max-width: 480px) 150px\" src=\"https:\/\/beltranconsultoria.com\/wp-content\/uploads\/2023\/07\/13.png\" alt=\"\" class=\"uag-image-93\" width=\"800\" height=\"700\" title=\"\" loading=\"lazy\"\/><\/figure><\/div>\n<\/div>\n\n\n\n<div class=\"wp-block-column is-layout-flow wp-block-column-is-layout-flow\" style=\"flex-basis:16.67%\">\n<div class=\"wp-block-uagb-image uagb-block-e7e09f69 wp-block-uagb-image--layout-default wp-block-uagb-image--effect-static wp-block-uagb-image--align-none\"><figure class=\"wp-block-uagb-image__figure\"><img decoding=\"async\" srcset=\"https:\/\/beltranconsultoria.com\/wp-content\/uploads\/2023\/07\/2-1.png \" sizes=\"auto, (max-width: 480px) 150px\" src=\"https:\/\/beltranconsultoria.com\/wp-content\/uploads\/2023\/07\/2-1.png\" alt=\"\" class=\"uag-image-101\" width=\"800\" height=\"700\" title=\"\" loading=\"lazy\"\/><\/figure><\/div>\n<\/div>\n\n\n\n<div class=\"wp-block-column is-layout-flow wp-block-column-is-layout-flow\" style=\"flex-basis:16.67%\">\n<div class=\"wp-block-uagb-image uagb-block-dea1942a wp-block-uagb-image--layout-default wp-block-uagb-image--effect-static wp-block-uagb-image--align-none\"><figure class=\"wp-block-uagb-image__figure\"><img decoding=\"async\" srcset=\"https:\/\/beltranconsultoria.com\/wp-content\/uploads\/2023\/07\/5-1.png \" sizes=\"auto, (max-width: 480px) 150px\" src=\"https:\/\/beltranconsultoria.com\/wp-content\/uploads\/2023\/07\/5-1.png\" alt=\"\" class=\"uag-image-95\" width=\"800\" height=\"700\" title=\"\" loading=\"lazy\"\/><\/figure><\/div>\n<\/div>\n\n\n\n<div class=\"wp-block-column is-layout-flow wp-block-column-is-layout-flow\" style=\"flex-basis:16.67%\">\n<div class=\"wp-block-uagb-image uagb-block-bf7540d2 wp-block-uagb-image--layout-default wp-block-uagb-image--effect-static wp-block-uagb-image--align-none\"><figure class=\"wp-block-uagb-image__figure\"><img decoding=\"async\" srcset=\"https:\/\/beltranconsultoria.com\/wp-content\/uploads\/2023\/07\/9-1.png \" sizes=\"auto, (max-width: 480px) 150px\" src=\"https:\/\/beltranconsultoria.com\/wp-content\/uploads\/2023\/07\/9-1.png\" alt=\"\" class=\"uag-image-107\" width=\"800\" height=\"700\" title=\"\" loading=\"lazy\"\/><\/figure><\/div>\n<\/div>\n\n\n\n<div class=\"wp-block-column is-layout-flow wp-block-column-is-layout-flow\" style=\"flex-basis:16.67%\">\n<div class=\"wp-block-uagb-image uagb-block-21795f56 wp-block-uagb-image--layout-default wp-block-uagb-image--effect-static wp-block-uagb-image--align-none\"><figure class=\"wp-block-uagb-image__figure\"><img decoding=\"async\" srcset=\"https:\/\/beltranconsultoria.com\/wp-content\/uploads\/2023\/07\/8.png \" sizes=\"auto, (max-width: 480px) 150px\" src=\"https:\/\/beltranconsultoria.com\/wp-content\/uploads\/2023\/07\/8.png\" alt=\"\" class=\"uag-image-98\" width=\"800\" height=\"700\" title=\"\" loading=\"lazy\"\/><\/figure><\/div>\n<\/div>\n<\/div>\n<\/div>\n<\/div><\/div>\n<\/div><\/div><div class=\"swiper-pagination\"><\/div><div class=\"swiper-button-prev\"><\/div><div class=\"swiper-button-next\"><\/div><\/div>\n<\/div>\n<\/div><\/div>\n\n\n\n<div class=\"wp-block-uagb-separator uagb-block-aebc4f68 wp-block-uagb-separator--icon\"><div class=\"wp-block-uagb-separator__inner\" style=\"--my-background-image:\"><div class=\"wp-block-uagb-separator-element\"><svg xmlns=\"https:\/\/www.w3.org\/2000\/svg\" viewBox=\"0 0 512 512\"><path d=\"M256 0C114.6 0 0 114.6 0 256c0 141.4 114.6 256 256 256s256-114.6 256-256C512 114.6 397.4 0 256 0zM390.6 246.6l-112 112C272.4 364.9 264.2 368 256 368s-16.38-3.125-22.62-9.375l-112-112c-12.5-12.5-12.5-32.75 0-45.25s32.75-12.5 45.25 0L256 290.8l89.38-89.38c12.5-12.5 32.75-12.5 45.25 0S403.1 234.1 390.6 246.6z\"><\/path><\/svg><\/div><\/div><\/div>\n","protected":false},"excerpt":{"rendered":"<p>Dar una respuesta y seguimiento al caso para garantizar nuestro \u00e9xito Dar una respuesta y seguimiento al caso para garantizar nuestro \u00e9xito. Generar procesos de mejora Definir los mecanismos y acciones necesarios para atender requerimientos de las autoridades. Desarrollamos un acercamiento para conocer el caso Nos reunimos con nuestro cliente, para conocer el requerimiento o [&hellip;]<\/p>\n","protected":false},"author":1,"featured_media":0,"parent":0,"menu_order":0,"comment_status":"closed","ping_status":"closed","template":"","meta":{"_uag_custom_page_level_css":"","site-sidebar-layout":"default","site-content-layout":"","ast-site-content-layout":"default","site-content-style":"default","site-sidebar-style":"default","ast-global-header-display":"","ast-banner-title-visibility":"","ast-main-header-display":"","ast-hfb-above-header-display":"","ast-hfb-below-header-display":"","ast-hfb-mobile-header-display":"","site-post-title":"disabled","ast-breadcrumbs-content":"","ast-featured-img":"","footer-sml-layout":"","ast-disable-related-posts":"","theme-transparent-header-meta":"","adv-header-id-meta":"","stick-header-meta":"","header-above-stick-meta":"","header-main-stick-meta":"","header-below-stick-meta":"","astra-migrate-meta-layouts":"default","ast-page-background-enabled":"default","ast-page-background-meta":{"desktop":{"background-color":"var(--ast-global-color-4)","background-image":"","background-repeat":"repeat","background-position":"center center","background-size":"auto","background-attachment":"scroll","background-type":"","background-media":"","overlay-type":"","overlay-color":"","overlay-opacity":"","overlay-gradient":""},"tablet":{"background-color":"","background-image":"","background-repeat":"repeat","background-position":"center center","background-size":"auto","background-attachment":"scroll","background-type":"","background-media":"","overlay-type":"","overlay-color":"","overlay-opacity":"","overlay-gradient":""},"mobile":{"background-color":"","background-image":"","background-repeat":"repeat","background-position":"center center","background-size":"auto","background-attachment":"scroll","background-type":"","background-media":"","overlay-type":"","overlay-color":"","overlay-opacity":"","overlay-gradient":""}},"ast-content-background-meta":{"desktop":{"background-color":"var(--ast-global-color-5)","background-image":"","background-repeat":"repeat","background-position":"center center","background-size":"auto","background-attachment":"scroll","background-type":"","background-media":"","overlay-type":"","overlay-color":"","overlay-opacity":"","overlay-gradient":""},"tablet":{"background-color":"var(--ast-global-color-5)","background-image":"","background-repeat":"repeat","background-position":"center center","background-size":"auto","background-attachment":"scroll","background-type":"","background-media":"","overlay-type":"","overlay-color":"","overlay-opacity":"","overlay-gradient":""},"mobile":{"background-color":"var(--ast-global-color-5)","background-image":"","background-repeat":"repeat","background-position":"center center","background-size":"auto","background-attachment":"scroll","background-type":"","background-media":"","overlay-type":"","overlay-color":"","overlay-opacity":"","overlay-gradient":""}},"footnotes":""},"class_list":["post-7","page","type-page","status-publish","hentry"],"uagb_featured_image_src":{"full":false,"thumbnail":false,"medium":false,"medium_large":false,"large":false,"1536x1536":false,"2048x2048":false},"uagb_author_info":{"display_name":"admin2023giro","author_link":"https:\/\/beltranconsultoria.com\/?author=1"},"uagb_comment_info":0,"uagb_excerpt":"Dar una respuesta y seguimiento al caso para garantizar nuestro \u00e9xito Dar una respuesta y seguimiento al caso para garantizar nuestro \u00e9xito. Generar procesos de mejora Definir los mecanismos y acciones necesarios para atender requerimientos de las autoridades. Desarrollamos un acercamiento para conocer el caso Nos reunimos con nuestro cliente, para conocer el requerimiento o&hellip;","_links":{"self":[{"href":"https:\/\/beltranconsultoria.com\/index.php?rest_route=\/wp\/v2\/pages\/7","targetHints":{"allow":["GET"]}}],"collection":[{"href":"https:\/\/beltranconsultoria.com\/index.php?rest_route=\/wp\/v2\/pages"}],"about":[{"href":"https:\/\/beltranconsultoria.com\/index.php?rest_route=\/wp\/v2\/types\/page"}],"author":[{"embeddable":true,"href":"https:\/\/beltranconsultoria.com\/index.php?rest_route=\/wp\/v2\/users\/1"}],"replies":[{"embeddable":true,"href":"https:\/\/beltranconsultoria.com\/index.php?rest_route=%2Fwp%2Fv2%2Fcomments&post=7"}],"version-history":[{"count":23,"href":"https:\/\/beltranconsultoria.com\/index.php?rest_route=\/wp\/v2\/pages\/7\/revisions"}],"predecessor-version":[{"id":219,"href":"https:\/\/beltranconsultoria.com\/index.php?rest_route=\/wp\/v2\/pages\/7\/revisions\/219"}],"wp:attachment":[{"href":"https:\/\/beltranconsultoria.com\/index.php?rest_route=%2Fwp%2Fv2%2Fmedia&parent=7"}],"curies":[{"name":"wp","href":"https:\/\/api.w.org\/{rel}","templated":true}]}}